{"id":5945,"date":"2021-04-04T19:27:32","date_gmt":"2021-04-04T17:27:32","guid":{"rendered":"https:\/\/neu.rathausgloeckel.de\/?page_id=5945"},"modified":"2023-11-18T12:38:20","modified_gmt":"2023-11-18T11:38:20","slug":"tsennostnoye-predlozheniye","status":"publish","type":"page","link":"https:\/\/www.rathausgloeckel.de\/ru\/tsennostnoye-predlozheniye\/","title":{"rendered":"\u041d\u0430\u0448\u0430 \u0444\u0438\u043b\u043e\u0441\u043e\u0444\u0438\u044f"},"content":{"rendered":"\t\t<div data-elementor-type=\"wp-page\" data-elementor-id=\"5945\" class=\"elementor elementor-5945 elementor-4452\" data-elementor-post-type=\"page\">\n\t\t\t\t\t\t<section class=\"elementor-section elementor-top-section elementor-element elementor-element-8d885a6 elementor-section-boxed elementor-section-height-default elementor-section-height-default qodef-elementor-content-no\" data-id=\"8d885a6\" data-element_type=\"section\">\n\t\t\t\t\t\t<div class=\"elementor-container elementor-column-gap-default\">\n\t\t\t\t\t<div class=\"elementor-column elementor-col-100 elementor-top-column elementor-element elementor-element-2bf9ed8\" data-id=\"2bf9ed8\" data-element_type=\"column\">\n\t\t\t<div class=\"elementor-widget-wrap elementor-element-populated\">\n\t\t\t\t\t\t<div class=\"elementor-element elementor-element-f12f386 elementor-widget elementor-widget-heading\" data-id=\"f12f386\" data-element_type=\"widget\" data-widget_type=\"heading.default\">\n\t\t\t\t<div class=\"elementor-widget-container\">\n\t\t\t<h1 class=\"elementor-heading-title elementor-size-default\">\u041d\u0430\u0448\u0430 \u0444\u0438\u043b\u043e\u0441\u043e\u0444\u0438\u044f<\/h1>\t\t<\/div>\n\t\t\t\t<\/div>\n\t\t\t\t<div class=\"elementor-element elementor-element-f644e94 elementor-widget elementor-widget-text-editor\" data-id=\"f644e94\" data-element_type=\"widget\" data-widget_type=\"text-editor.default\">\n\t\t\t\t<div class=\"elementor-widget-container\">\n\t\t\t\t\t\t\t<blockquote><p>\u0418\u043c\u0435\u043d\u043d\u043e \u043c\u0435\u043b\u043e\u0447\u0438 \u0434\u0435\u043b\u0430\u044e\u0442 \u0436\u0438\u0437\u043d\u044c \u043f\u0440\u0435\u043a\u0440\u0430\u0441\u043d\u043e\u0439.<\/p><\/blockquote>\t\t\t\t\t\t<\/div>\n\t\t\t\t<\/div>\n\t\t\t\t<div class=\"elementor-element elementor-element-7969836 elementor-widget elementor-widget-text-editor\" data-id=\"7969836\" data-element_type=\"widget\" data-widget_type=\"text-editor.default\">\n\t\t\t\t<div class=\"elementor-widget-container\">\n\t\t\t\t\t\t\t<p>\u0421\u043f\u0443\u0441\u0442\u044f 14 \u043b\u0435\u0442 \u043f\u043e\u0441\u043b\u0435 \u043f\u0435\u0440\u0432\u043e\u0433\u043e \u043f\u0440\u0438\u0441\u0432\u043e\u0435\u043d\u0438\u044f \u043e\u0442\u0435\u043b\u044e \u043a\u0430\u0442\u0435\u0433\u043e\u0440\u0438\u0438 4 \u0437\u0432\u0435\u0437\u0434\u044b \u043c\u044b \u0443\u0432\u0435\u0440\u0435\u043d\u044b, \u0447\u0442\u043e \u043d\u0435 \u0442\u043e\u043b\u044c\u043a\u043e \u043a\u043e\u043c\u0444\u043e\u0440\u0442\u0430\u0431\u0435\u043b\u044c\u043d\u044b\u0435 \u043d\u043e\u043c\u0435\u0440\u0430, \u0431\u0435\u0437\u0443\u043f\u0440\u0435\u0447\u043d\u0430\u044f \u0447\u0438\u0441\u0442\u043e\u0442\u0430 \u0438 \u043b\u0443\u0447\u0448\u0435\u0435 \u0440\u0430\u0441\u043f\u043e\u043b\u043e\u0436\u0435\u043d\u0438\u0435 \u0432 \u0446\u0435\u043d\u0442\u0440\u0435, \u0430 \u0438\u043c\u0435\u043d\u043d\u043e \u043d\u044e\u0430\u043d\u0441\u044b \u0434\u0435\u043b\u0430\u044e\u0442 \u0412\u0430\u0448 \u043e\u0442\u0434\u044b\u0445 \u0438\u0434\u0435\u0430\u043b\u044c\u043d\u044b\u043c. \u0411\u0435\u0437\u0443\u043f\u0440\u0435\u0447\u043d\u044b\u0439 \u0441\u0435\u0440\u0432\u0438\u0441 (\u043d\u0430\u043f\u0440\u0438\u043c\u0435\u0440: \u0433\u0430\u0440\u0430\u043d\u0442\u0438\u0440\u043e\u0432\u0430\u043d\u043d\u0430\u044f \u0440\u0435\u0433\u0438\u0441\u0442\u0440\u0430\u0446\u0438\u044f \u0441 13:00, \u043f\u043e\u0434\u0440\u043e\u0431\u043d\u0430\u044f \u0438\u043d\u0444\u043e\u0440\u043c\u0430\u0446\u0438\u044f \u043e \u043f\u0440\u0438\u0431\u044b\u0442\u0438\u0438, \u043f\u043e\u043c\u043e\u0449\u044c \u0432 \u043f\u043b\u0430\u043d\u0438\u0440\u043e\u0432\u0430\u043d\u0438\u0438 \u043e\u0442\u0434\u044b\u0445\u0430, \u0434\u0435\u043a\u043e\u0440\u0438\u0440\u043e\u0432\u0430\u043d\u0438\u0435 \u043d\u043e\u043c\u0435\u0440\u0430 \u043a \u0440\u043e\u043c\u0430\u043d\u0442\u0438\u0447\u0435\u0441\u043a\u043e\u043c\u0443 \u0441\u043e\u0431\u044b\u0442\u0438\u044e \u0438 \u0442.\u043f.), \u0440\u0430\u0434\u0443\u0448\u0438\u0435 \u0438 \u0438\u0441\u043a\u0440\u0435\u043d\u043d\u044f\u044f \u0432\u043d\u0438\u043c\u0430\u0442\u0435\u043b\u044c\u043d\u043e\u0441\u0442\u044c \u043a \u0412\u0430\u0448\u0438\u043c \u043f\u043e\u0436\u0435\u043b\u0430\u043d\u0438\u044f\u043c \u0438 \u043f\u043e\u0442\u0440\u0435\u0431\u043d\u043e\u0441\u0442\u044f\u043c \u044f\u0432\u043b\u044f\u044e\u0442\u0441\u044f \u043d\u0430\u0448\u0438\u043c\u0438 \u0441\u0438\u043b\u044c\u043d\u044b\u043c\u0438 \u0441\u0442\u043e\u0440\u043e\u043d\u0430\u043c\u0438. \u0418\u043c\u0435\u043d\u043d\u043e \u044d\u0442\u0438 \u043d\u044e\u0430\u043d\u0441\u044b \u0434\u0435\u043b\u0430\u044e\u0442 \u0412\u0430\u0448 \u043e\u0442\u0434\u044b\u0445 \u043d\u0430\u0441\u0442\u043e\u043b\u044c\u043a\u043e \u0438\u0434\u0435\u0430\u043b\u044c\u043d\u044b\u043c, \u043d\u0430\u0441\u043a\u043e\u043b\u044c\u043a\u043e \u043c\u044b \u0441\u0430\u043c\u0438 \u0445\u043e\u0442\u0435\u043b\u0438 \u0431\u044b \u0435\u0433\u043e \u0438\u0441\u043f\u044b\u0442\u0430\u0442\u044c.<\/p><p>\u041e\u0442\u043a\u0440\u044b\u0442\u0438\u0435 \u043d\u0430\u0448\u0435\u0433\u043e \u0440\u0435\u0441\u0442\u043e\u0440\u0430\u043d\u0430 \u0438 \u0432\u0438\u043d\u043d\u043e\u0433\u043e \u0431\u0430\u0440\u0430 \u0432 \u043d\u043e\u044f\u0431\u0440\u0435 2023 \u0433\u043e\u0434\u0430 \u0441\u0442\u0430\u043b\u043e \u0435\u0449\u0435 \u043e\u0434\u043d\u043e\u0439 \u0432\u0435\u0445\u043e\u0439 \u0432 \u043d\u0430\u0448\u0435\u043c \u0441\u0442\u0440\u0435\u043c\u043b\u0435\u043d\u0438\u0438 \u043e\u0431\u0435\u0441\u043f\u0435\u0447\u0438\u0442\u044c \u043f\u0435\u0440\u0432\u043e\u043a\u043b\u0430\u0441\u0441\u043d\u043e\u0435 \u0433\u043e\u0441\u0442\u0435\u043f\u0440\u0438\u0438\u043c\u0441\u0442\u0432\u043e. \u041a\u0443\u043b\u0438\u043d\u0430\u0440\u043d\u044b\u0435 \u043f\u0440\u0435\u0434\u043b\u043e\u0436\u0435\u043d\u0438\u044f \u0431\u044b\u043b\u0438 \u0442\u0449\u0430\u0442\u0435\u043b\u044c\u043d\u043e \u0440\u0430\u0441\u0448\u0438\u0440\u0435\u043d\u044b, \u0447\u0442\u043e\u0431\u044b \u043e\u0431\u0435\u0441\u043f\u0435\u0447\u0438\u0442\u044c \u0432\u0430\u043c \u043d\u0435\u0437\u0430\u0431\u044b\u0432\u0430\u0435\u043c\u044b\u0435 \u0433\u0430\u0441\u0442\u0440\u043e\u043d\u043e\u043c\u0438\u0447\u0435\u0441\u043a\u0438\u0435 \u0432\u043f\u0435\u0447\u0430\u0442\u043b\u0435\u043d\u0438\u044f. \u041d\u0430\u0448 \u0440\u0435\u0441\u0442\u043e\u0440\u0430\u043d \u0438 \u0432\u0438\u043d\u043d\u044b\u0439 \u0431\u0430\u0440 \u043d\u0435 \u0442\u043e\u043b\u044c\u043a\u043e \u043f\u0440\u0435\u0434\u043b\u0430\u0433\u0430\u044e\u0442 \u0438\u0437\u044b\u0441\u043a\u0430\u043d\u043d\u044b\u0435 \u0431\u043b\u044e\u0434\u0430 \u0438 \u043e\u0442\u0431\u043e\u0440\u043d\u044b\u0435 \u0432\u0438\u043d\u0430, \u043d\u043e \u0438 \u0441\u043e\u0437\u0434\u0430\u044e\u0442 \u0443\u044e\u0442\u043d\u0443\u044e \u0430\u0442\u043c\u043e\u0441\u0444\u0435\u0440\u0443.<\/p><p>\u041e\u0442\u043a\u0440\u044b\u0442\u043e\u0441\u0442\u044c \u0438 \u0447\u0435\u0441\u0442\u043d\u043e\u0441\u0442\u044c \u0441 \u043d\u0430\u0448\u0435\u0439 \u0441\u0442\u043e\u0440\u043e\u043d\u044b &#8212; \u0435\u0449\u0435 \u043e\u0434\u043d\u043e \u0443\u0441\u043b\u043e\u0432\u0438\u0435 \u0434\u043b\u044f \u0442\u043e\u0433\u043e, \u0447\u0442\u043e\u0431\u044b \u043e\u043f\u0440\u0430\u0432\u0434\u0430\u0442\u044c \u0412\u0430\u0448\u0438 \u043e\u0436\u0438\u0434\u0430\u043d\u0438\u044f: \u0438\u0441\u0442\u043e\u0440\u0438\u0447\u0435\u0441\u043a\u0438\u0439, \u043d\u0435\u0431\u0435\u0437\u0431\u0430\u0440\u044c\u0435\u0440\u043d\u044b\u0439 Rathausgl\u00f6ckel \u0441 \u0435\u0433\u043e \u0438\u0437\u043e\u0433\u043d\u0443\u0442\u044b\u043c\u0438 \u043b\u0435\u0441\u0442\u043d\u0438\u0446\u0430\u043c\u0438, \u043d\u0435\u043e\u0431\u044b\u0447\u043d\u044b\u043c\u0438 \u043f\u043b\u0430\u043d\u0438\u0440\u043e\u0432\u043a\u0430\u043c\u0438, \u0440\u0430\u0437\u043b\u0438\u0447\u043d\u044b\u043c\u0438 \u0440\u0430\u0437\u043c\u0435\u0440\u0430\u043c\u0438 \u043a\u043e\u043c\u043d\u0430\u0442 \u0438 \u043a\u043b\u0430\u0441\u0441\u0438\u0447\u0435\u0441\u043a\u043e\u0439 \u043c\u0435\u0431\u0435\u043b\u044c\u044e \u043c\u043e\u0436\u043d\u043e \u043d\u0430\u0437\u0432\u0430\u0442\u044c \u043b\u0438\u0431\u043e &#171;\u0431\u0443\u0442\u0438\u043a\u043e\u0432\u044b\u043c&#187;, \u043b\u0438\u0431\u043e &#171;\u043d\u0435\u0441\u043e\u0432\u0435\u0440\u0448\u0435\u043d\u043d\u044b\u043c&#187;.\u00a0 \u0412 <a href=\"https:\/\/www.rathausgloeckel.de\/ru\/fotogalereya\/\">\u0444\u043e\u0442\u043e\u0433\u0430\u043b\u0435\u0440\u0435\u0435<\/a> \u0412\u044b \u043c\u043e\u0436\u0435\u0442\u0435 \u043f\u043e\u0437\u043d\u0430\u043a\u043e\u043c\u0438\u0442\u044c\u0441\u044f \u0441 \u043e\u0441\u043e\u0431\u0435\u043d\u043d\u043e\u0441\u0442\u044f\u043c\u0438 \u0437\u0434\u0430\u043d\u0438\u044f.<\/p><p>\u0412\u0430\u0448\u0435 \u0431\u043b\u0430\u0433\u043e\u043f\u043e\u043b\u0443\u0447\u0438\u0435 \u0438 \u0431\u0435\u0437\u043e\u043f\u0430\u0441\u043d\u043e\u0441\u0442\u044c \u0432\u0441\u0435\u0433\u0434\u0430 \u043d\u0430\u0445\u043e\u0434\u044f\u0442\u0441\u044f \u0432 \u0446\u0435\u043d\u0442\u0440\u0435 \u043d\u0430\u0448\u0435\u0433\u043e \u0432\u043d\u0438\u043c\u0430\u043d\u0438\u044f.<\/p><p>\u0413\u0438\u0433\u0438\u0435\u043d\u0430 \u0438 \u0447\u0438\u0441\u0442\u043e\u0442\u0430 \u0432\u0441\u0435\u0433\u0434\u0430 \u0431\u044b\u043b\u0438 \u043e\u0434\u043d\u043e\u0439 \u0438\u0437 \u043d\u0430\u0448\u0438\u0445 \u0434\u043e\u0431\u0440\u043e\u0434\u0435\u0442\u0435\u043b\u0435\u0439 &#8212; \u044d\u0442\u043e \u043d\u0430\u0448 \u043f\u0440\u0438\u043e\u0440\u0438\u0442\u0435\u0442. \u0422\u043e\u043b\u044c\u043a\u043e \u043a\u043e\u0433\u0434\u0430 \u0412\u044b \u0447\u0443\u0432\u0441\u0442\u0432\u0443\u0435\u0442\u0435 \u0441\u0435\u0431\u044f \u043a\u043e\u043c\u0444\u043e\u0440\u0442\u043d\u043e \u0438 \u0441\u043e\u0432\u0435\u0440\u0448\u0435\u043d\u043d\u043e \u043d\u0435\u043f\u0440\u0438\u043d\u0443\u0436\u0434\u0435\u043d\u043d\u043e, \u043a\u043e\u043c\u0430\u043d\u0434\u0430 \u043e\u0442\u0435\u043b\u044f \u0441\u0447\u0430\u0441\u0442\u043b\u0438\u0432\u0430! \u041d\u0438\u0447\u0442\u043e \u043d\u0435 \u043c\u043e\u0436\u0435\u0442 \u0431\u044b\u0442\u044c \u043d\u0430\u0441\u0442\u043e\u043b\u044c\u043a\u043e \u0445\u043e\u0440\u043e\u0448\u043e, \u0447\u0442\u043e \u043d\u0435 \u043c\u043e\u0436\u0435\u0442 \u0431\u044b\u0442\u044c \u043b\u0443\u0447\u0448\u0435!<br \/>\u041f\u043e\u0437\u0432\u043e\u043b\u044c\u0442\u0435 \u043d\u0430\u043c \u043f\u043e\u0431\u0430\u043b\u043e\u0432\u0430\u0442\u044c \u0412\u0430\u0441!<\/p>\t\t\t\t\t\t<\/div>\n\t\t\t\t<\/div>\n\t\t\t\t\t<\/div>\n\t\t<\/div>\n\t\t\t\t\t<\/div>\n\t\t<\/section>\n\t\t\t\t<section class=\"elementor-section elementor-top-section elementor-element elementor-element-927f0cd elementor-section-full_width elementor-section-stretched elementor-section-height-default elementor-section-height-default qodef-elementor-content-no\" data-id=\"927f0cd\" data-element_type=\"section\" data-settings=\"{&quot;stretch_section&quot;:&quot;section-stretched&quot;}\">\n\t\t\t\t\t\t<div class=\"elementor-container elementor-column-gap-no\">\n\t\t\t\t\t<div class=\"elementor-column elementor-col-100 elementor-top-column elementor-element elementor-element-0d7923d\" data-id=\"0d7923d\" data-element_type=\"column\">\n\t\t\t<div class=\"elementor-widget-wrap elementor-element-populated\">\n\t\t\t\t\t\t<div class=\"elementor-element elementor-element-2b3b152 elementor-widget elementor-widget-alloggio_core_centered_slider\" data-id=\"2b3b152\" data-element_type=\"widget\" data-widget_type=\"alloggio_core_centered_slider.default\">\n\t\t\t\t<div class=\"elementor-widget-container\">\n\t\t\t<div class=\"qodef-shortcode qodef-m  qodef-centered-slider qodef-swiper-container qodef---has-hover qodef--has-title\" data-options=\"{&quot;slidesPerView&quot;:&quot;auto&quot;,&quot;slidesPerView1440&quot;:&quot;auto&quot;,&quot;slidesPerView1366&quot;:&quot;auto&quot;,&quot;slidesPerView1024&quot;:&quot;auto&quot;,&quot;slidesPerView768&quot;:&quot;1&quot;,&quot;centeredSlides&quot;:&quot;true&quot;}\">\n\t<div class=\"swiper-wrapper\">\n\t\t\t\t\t<div class=\"qodef-m-item swiper-slide\">\n\t\t\t\t\t\t\t\t\t<a href=\"https:\/\/www.rathausgloeckel.de\/weinkeller-bar\/\" target=\"_self\">\n\t\t\t\t\t\t\t\t\t<div class=\"qodef-m-image-holder\"><div class=\"qodef-m-image\">\n\t\t\t\t\t\t<img decoding=\"async\" src=\"https:\/\/www.rathausgloeckel.de\/wp-content\/uploads\/Weinbar.jpg\" alt=\"Weinbaransicht im Hotel Rathausgl\u00f6ckel\"\/>\n\t\t\t\t\t<\/div><\/div>\n\t\t\t\t\t\t\t\t\t<\/a>\n\t\t\t\t\t\t\t\t\t\t\t\t\t<h3 class=\"qodef-m-title\">Weinkeller &amp; Bar <\/h3>\n\t\t\t\t\t\t\t\t\t\t\t\t\t<span class=\"qodef-m-subtitle\">Der historische Weinkeller nebst Bar erm\u00f6glicht Ihnen stimmungsvolle Stunden in einer geschichtstr\u00e4chtigen Kulisse!<\/span>\n\t\t\t\t\t\t\t<\/div>\n\t\t\t\t\t<div class=\"qodef-m-item swiper-slide\">\n\t\t\t\t\t\t\t\t\t<a href=\"https:\/\/www.rathausgloeckel.de\/zimmer-suiten\/\" target=\"_self\">\n\t\t\t\t\t\t\t\t\t<div class=\"qodef-m-image-holder\"><div class=\"qodef-m-image\">\n\t\t\t\t\t\t<img decoding=\"async\" src=\"https:\/\/www.rathausgloeckel.de\/wp-content\/uploads\/JuniorSuite2016-3.jpg\" alt=\"Junior Suite Baden-Baden Hauptbild\"\/>\n\t\t\t\t\t<\/div><\/div>\n\t\t\t\t\t\t\t\t\t<\/a>\n\t\t\t\t\t\t\t\t\t\t\t\t\t<h3 class=\"qodef-m-title\">Zimmer &amp; Suiten <\/h3>\n\t\t\t\t\t\t\t\t\t\t\t\t\t<span class=\"qodef-m-subtitle\">Alle Zimmer zeichnen sich durch ungew\u00f6hliche Grundrisse aus, sind individuell gestaltet und tragen allesamt die liebevolle Handschrift der Gastgeber. Leider ist das Haus nicht barrierefrei!<\/span>\n\t\t\t\t\t\t\t<\/div>\n\t\t\t\t\t<div class=\"qodef-m-item swiper-slide\">\n\t\t\t\t\t\t\t\t\t<a href=\"https:\/\/www.rathausgloeckel.de\/restaurant-fruehstueck\/\" target=\"_self\">\n\t\t\t\t\t\t\t\t\t<div class=\"qodef-m-image-holder\"><div class=\"qodef-m-image\">\n\t\t\t\t\t\t<img decoding=\"async\" src=\"https:\/\/www.rathausgloeckel.de\/wp-content\/uploads\/IMG_20681.jpg\" alt=\"Fr\u00fchst\u00fccksbuffet vor Corona Br\u00f6tchen und Marmelade\"\/>\n\t\t\t\t\t<\/div><\/div>\n\t\t\t\t\t\t\t\t\t<\/a>\n\t\t\t\t\t\t\t\t\t\t\t\t\t<h3 class=\"qodef-m-title\">Restaurant &amp; Fr\u00fchst\u00fcck<\/h3>\n\t\t\t\t\t\t\t\t\t\t\t\t\t<span class=\"qodef-m-subtitle\">Genie\u00dfen Sie leckeres Fr\u00fchst\u00fcck in unseren Restaurantr\u00e4umen.<\/span>\n\t\t\t\t\t\t\t<\/div>\n\t\t\t\t\t<div class=\"qodef-m-item swiper-slide\">\n\t\t\t\t\t\t\t\t\t<a href=\"https:\/\/www.rathausgloeckel.de\/baden-baden-erleben\/\" target=\"_self\">\n\t\t\t\t\t\t\t\t\t<div class=\"qodef-m-image-holder\"><div class=\"qodef-m-image\">\n\t\t\t\t\t\t<img decoding=\"async\" src=\"https:\/\/www.rathausgloeckel.de\/wp-content\/uploads\/casino-1382584_640.jpg\" alt=\"Das Kurhaus von Baden-Baden im Sommer\"\/>\n\t\t\t\t\t<\/div><\/div>\n\t\t\t\t\t\t\t\t\t<\/a>\n\t\t\t\t\t\t\t\t\t\t\t\t\t<h3 class=\"qodef-m-title\">Baden-Baden erleben<\/h3>\n\t\t\t\t\t\t\t\t\t\t\t\t\t<span class=\"qodef-m-subtitle\">Baden-Baden kombiniert das Beste von fr\u00fcher und das modernste von heute, ist bunt und vielf\u00e4ltig und zu jeder Jahreszeit eine Reise wert. <\/span>\n\t\t\t\t\t\t\t<\/div>\n\t\t\t<\/div>\n\t\t\t<div class=\"swiper-navigation\">\n\t\t\t<div class=\"swiper-button-next \"><svg xmlns=\"http:\/\/www.w3.org\/2000\/svg\" xmlns:xlink=\"http:\/\/www.w3.org\/1999\/xlink\" x=\"0px\" y=\"0px\" viewBox=\"0 0 26 50.9\" xml:space=\"preserve\"><polyline points=\"0.4,50.6 25.3,25.5 0.4,0.4 \"\/><\/svg><\/div>\n<div class=\"swiper-button-prev \"><svg xmlns=\"http:\/\/www.w3.org\/2000\/svg\" xmlns:xlink=\"http:\/\/www.w3.org\/1999\/xlink\" x=\"0px\" y=\"0px\" viewBox=\"0 0 26 50.9\" xml:space=\"preserve\"><polyline points=\"25.6,0.4 0.7,25.5 25.6,50.6 \"\/><\/svg><\/div>\t\t<\/div>\n\t\t<\/div>\t\t<\/div>\n\t\t\t\t<\/div>\n\t\t\t\t\t<\/div>\n\t\t<\/div>\n\t\t\t\t\t<\/div>\n\t\t<\/section>\n\t\t\t\t<\/div>\n\t\t","protected":false},"excerpt":{"rendered":"<p>\u041d\u0430\u0448\u0430 \u0444\u0438\u043b\u043e\u0441\u043e\u0444\u0438\u044f \u0418\u043c\u0435\u043d\u043d\u043e \u043c\u0435\u043b\u043e\u0447\u0438 \u0434\u0435\u043b\u0430\u044e\u0442 \u0436\u0438\u0437\u043d\u044c \u043f\u0440\u0435\u043a\u0440\u0430\u0441\u043d\u043e\u0439. \u0421\u043f\u0443\u0441\u0442\u044f 14 \u043b\u0435\u0442 \u043f\u043e\u0441\u043b\u0435 \u043f\u0435\u0440\u0432\u043e\u0433\u043e \u043f\u0440\u0438\u0441\u0432\u043e\u0435\u043d\u0438\u044f \u043e\u0442\u0435\u043b\u044e \u043a\u0430\u0442\u0435\u0433\u043e\u0440\u0438\u0438 4 \u0437\u0432\u0435\u0437\u0434\u044b \u043c\u044b \u0443\u0432\u0435\u0440\u0435\u043d\u044b, \u0447\u0442\u043e \u043d\u0435 \u0442\u043e\u043b\u044c\u043a\u043e \u043a\u043e\u043c\u0444\u043e\u0440\u0442\u0430\u0431\u0435\u043b\u044c\u043d\u044b\u0435 \u043d\u043e\u043c\u0435\u0440\u0430, \u0431\u0435\u0437\u0443\u043f\u0440\u0435\u0447\u043d\u0430\u044f \u0447\u0438\u0441\u0442\u043e\u0442\u0430 \u0438 \u043b\u0443\u0447\u0448\u0435\u0435 \u0440\u0430\u0441\u043f\u043e\u043b\u043e\u0436\u0435\u043d\u0438\u0435 \u0432 \u0446\u0435\u043d\u0442\u0440\u0435, \u0430 \u0438\u043c\u0435\u043d\u043d\u043e \u043d\u044e\u0430\u043d\u0441\u044b \u0434\u0435\u043b\u0430\u044e\u0442 \u0412\u0430\u0448 \u043e\u0442\u0434\u044b\u0445 \u0438\u0434\u0435\u0430\u043b\u044c\u043d\u044b\u043c. \u0411\u0435\u0437\u0443\u043f\u0440\u0435\u0447\u043d\u044b\u0439 \u0441\u0435\u0440\u0432\u0438\u0441 (\u043d\u0430\u043f\u0440\u0438\u043c\u0435\u0440: \u0433\u0430\u0440\u0430\u043d\u0442\u0438\u0440\u043e\u0432\u0430\u043d\u043d\u0430\u044f \u0440\u0435\u0433\u0438\u0441\u0442\u0440\u0430\u0446\u0438\u044f \u0441 13:00, \u043f\u043e\u0434\u0440\u043e\u0431\u043d\u0430\u044f \u0438\u043d\u0444\u043e\u0440\u043c\u0430\u0446\u0438\u044f \u043e \u043f\u0440\u0438\u0431\u044b\u0442\u0438\u0438, \u043f\u043e\u043c\u043e\u0449\u044c \u0432 \u043f\u043b\u0430\u043d\u0438\u0440\u043e\u0432\u0430\u043d\u0438\u0438 \u043e\u0442\u0434\u044b\u0445\u0430, \u0434\u0435\u043a\u043e\u0440\u0438\u0440\u043e\u0432\u0430\u043d\u0438\u0435 \u043d\u043e\u043c\u0435\u0440\u0430 [&hellip;]<\/p>\n","protected":false},"author":4,"featured_media":0,"parent":0,"menu_order":0,"comment_status":"closed","ping_status":"closed","template":"","meta":{"footnotes":""},"class_list":["post-5945","page","type-page","status-publish","hentry"],"_links":{"self":[{"href":"https:\/\/www.rathausgloeckel.de\/ru\/wp-json\/wp\/v2\/pages\/5945","targetHints":{"allow":["GET"]}}],"collection":[{"href":"https:\/\/www.rathausgloeckel.de\/ru\/wp-json\/wp\/v2\/pages"}],"about":[{"href":"https:\/\/www.rathausgloeckel.de\/ru\/wp-json\/wp\/v2\/types\/page"}],"author":[{"embeddable":true,"href":"https:\/\/www.rathausgloeckel.de\/ru\/wp-json\/wp\/v2\/users\/4"}],"replies":[{"embeddable":true,"href":"https:\/\/www.rathausgloeckel.de\/ru\/wp-json\/wp\/v2\/comments?post=5945"}],"version-history":[{"count":4,"href":"https:\/\/www.rathausgloeckel.de\/ru\/wp-json\/wp\/v2\/pages\/5945\/revisions"}],"predecessor-version":[{"id":9878,"href":"https:\/\/www.rathausgloeckel.de\/ru\/wp-json\/wp\/v2\/pages\/5945\/revisions\/9878"}],"wp:attachment":[{"href":"https:\/\/www.rathausgloeckel.de\/ru\/wp-json\/wp\/v2\/media?parent=5945"}],"curies":[{"name":"wp","href":"https:\/\/api.w.org\/{rel}","templated":true}]}}