{"id":6079,"date":"2021-04-09T16:47:10","date_gmt":"2021-04-09T14:47:10","guid":{"rendered":"https:\/\/neu.rathausgloeckel.de\/legal-notice\/"},"modified":"2023-11-18T10:47:36","modified_gmt":"2023-11-18T09:47:36","slug":"legal-notice","status":"publish","type":"page","link":"https:\/\/www.rathausgloeckel.de\/en\/legal-notice\/","title":{"rendered":"Legal notice"},"content":{"rendered":"\t\t<div data-elementor-type=\"wp-page\" data-elementor-id=\"6079\" class=\"elementor elementor-6079 elementor-4762\" data-elementor-post-type=\"page\">\n\t\t\t\t\t\t<section class=\"elementor-section elementor-top-section elementor-element elementor-element-fa9f350 elementor-section-boxed elementor-section-height-default elementor-section-height-default qodef-elementor-content-no\" data-id=\"fa9f350\" data-element_type=\"section\">\n\t\t\t\t\t\t<div class=\"elementor-container elementor-column-gap-default\">\n\t\t\t\t\t<div class=\"elementor-column elementor-col-100 elementor-top-column elementor-element elementor-element-ceae49e\" data-id=\"ceae49e\" data-element_type=\"column\">\n\t\t\t<div class=\"elementor-widget-wrap elementor-element-populated\">\n\t\t\t\t\t\t<div class=\"elementor-element elementor-element-5372ed6 elementor-widget elementor-widget-heading\" data-id=\"5372ed6\" data-element_type=\"widget\" data-widget_type=\"heading.default\">\n\t\t\t\t<div class=\"elementor-widget-container\">\n\t\t\t<h1 class=\"elementor-heading-title elementor-size-default\">Legal notice<\/h1>\t\t<\/div>\n\t\t\t\t<\/div>\n\t\t\t\t\t<\/div>\n\t\t<\/div>\n\t\t\t\t\t<\/div>\n\t\t<\/section>\n\t\t\t\t<section class=\"elementor-section elementor-top-section elementor-element elementor-element-8d818b4 elementor-section-boxed elementor-section-height-default elementor-section-height-default qodef-elementor-content-no\" data-id=\"8d818b4\" data-element_type=\"section\">\n\t\t\t\t\t\t<div class=\"elementor-container elementor-column-gap-default\">\n\t\t\t\t\t<div class=\"elementor-column elementor-col-100 elementor-top-column elementor-element elementor-element-44796e3\" data-id=\"44796e3\" data-element_type=\"column\">\n\t\t\t<div class=\"elementor-widget-wrap elementor-element-populated\">\n\t\t\t\t\t\t<div class=\"elementor-element elementor-element-9876469 elementor-widget elementor-widget-text-editor\" data-id=\"9876469\" data-element_type=\"widget\" data-widget_type=\"text-editor.default\">\n\t\t\t\t<div class=\"elementor-widget-container\">\n\t\t\t\t\t\t\t<p>Historic 4 star Hotel &amp; Restaurant Rathausgl\u00f6ckel<\/p>\n<h3>Address:<\/h3>\n<p>Hotel Rathausgl\u00f6ckel<br \/>\nSteinstr. 7 &#8211; 9<br \/>\n76530 Baden-Baden<\/p>\n<h3>Owner:<\/h3>\n<p>Rathausgl\u00f6ckel GmbH<\/p>\n<h3>Registered Address:<\/h3>\n<p>Steinstr. 7 &#8211; 9<br \/>\n76530 Baden-Baden<\/p>\n<p><strong>Managing director:<\/strong>\u00a0 Victor Reichel<br \/>\n<strong>Registered:<\/strong><br \/>\nAmtsgericht Mannheim: HRB 706148<\/p>\n<p>Responsible for the content: Victor Reichel<\/p>\n<p>USt-ID Nr.: DE 263969041<\/p>\n<p><strong>You can reach us:<\/strong><br \/>\nTelefon: + 49 (0) 72 21 \/ 90 61 &#8211; 0<br \/>\nTelefax: + 49 (0) 72 21 \/ 90 61 &#8211; 61<br \/>\nE-Mail: <span id=\"cloak4b4ae9442766839a1d38e3de47383992\"><a href=\"mailto:info@rathausgloeckel.de\">info@rathausgloeckel.de<\/a><\/span><\/p>\n<h3>EU dispute resolution<\/h3>\n<p>The European Commission provides a platform for online dispute resolution (ODR): <a href=\"https:\/\/ec.europa.eu\/consumers\/odr\/\" target=\"_blank\" rel=\"noopener noreferrer\">https:\/\/ec.europa.eu\/consumers\/odr\/<\/a>.<br \/>\nOur e-mail address can be found above in the site notice.<\/p>\n<h3>Dispute resolution proceedings in front of a consumer arbitration board<\/h3>\n<p>We are not willing or obliged to participate in dispute resolution proceedings in front of a consumer arbitration board.<\/p>\n<h3>Liability for Contents<\/h3>\n<p>As service providers, we are liable for own contents of these websites according to Paragraph 7, Sect. 1 German Telemedia Act (TMG). However, according to Paragraphs 8 to 10 German Telemedia Act (TMG), service providers are not obligated to permanently monitor submitted or stored information or to search for evidences that indicate illegal activities.<\/p>\n<p>Legal obligations to removing information or to blocking the use of information remain unchallenged. In this case, liability is only possible at the time of knowledge about a specific violation of law. Illegal contents will be removed immediately at the time we get knowledge of them.<\/p>\n<h3>Liability for Links<\/h3>\n<p>Our offer includes links to external third-party websites. We have no influence on the contents of those websites, therefore we cannot guarantee for those contents. Providers or administrators of linked websites are always responsible for their own contents.<\/p>\n<p>The linked websites had been checked for possible violations of law at the time of the establishment of the link. Illegal contents were not detected at the time of the linking. A permanent monitoring of the contents of linked websites cannot be imposed without reasonable indications that there has been a violation of law. Illegal links will be removed immediately at the time we get knowledge of them.<\/p>\n<h3>Copyright<\/h3>\n<p>Contents and compilations published on these websites by the providers are subject to German copyright laws. Reproduction, editing, distribution as well as the use of any kind outside the scope of the copyright law require a written permission of the author or originator. Downloads and copies of these websites are permitted for private use only.<br \/>\nThe commercial use of our contents without permission of the originator is prohibited.<\/p>\n<p>Copyright laws of third parties are respected as long as the contents on these websites do not originate from the provider. Contributions of third parties on this site are indicated as such. However, if you notice any violations of copyright law, please inform us. Such contents will be removed immediately.<\/p>\n\t\t\t\t\t\t<\/div>\n\t\t\t\t<\/div>\n\t\t\t\t\t<\/div>\n\t\t<\/div>\n\t\t\t\t\t<\/div>\n\t\t<\/section>\n\t\t\t\t<section class=\"elementor-section elementor-top-section elementor-element elementor-element-d5a009c elementor-section-boxed elementor-section-height-default elementor-section-height-default qodef-elementor-content-no\" data-id=\"d5a009c\" data-element_type=\"section\">\n\t\t\t\t\t\t<div class=\"elementor-container elementor-column-gap-default\">\n\t\t\t\t\t<div class=\"elementor-column elementor-col-100 elementor-top-column elementor-element elementor-element-e899c23\" data-id=\"e899c23\" data-element_type=\"column\">\n\t\t\t<div class=\"elementor-widget-wrap elementor-element-populated\">\n\t\t\t\t\t\t<div class=\"elementor-element elementor-element-7939c88 elementor-widget elementor-widget-heading\" data-id=\"7939c88\" data-element_type=\"widget\" data-widget_type=\"heading.default\">\n\t\t\t\t<div class=\"elementor-widget-container\">\n\t\t\t<h3 class=\"elementor-heading-title elementor-size-default\">Photo credits<\/h3>\t\t<\/div>\n\t\t\t\t<\/div>\n\t\t\t\t<div class=\"elementor-element elementor-element-c86d9ec elementor-widget elementor-widget-text-editor\" data-id=\"c86d9ec\" data-element_type=\"widget\" data-widget_type=\"text-editor.default\">\n\t\t\t\t<div class=\"elementor-widget-container\">\n\t\t\t\t\t\t\t<p><em>Restaurants, Caf\u00e9s &amp; Nightlife:<\/em><br \/>\nM10:\u00a9Lebenshilfe der Region Baden-Baden &#8211; B\u00fchl &#8211; Achern e.V.;<br \/>\nWeinstube Baldreit:\u00a9 Weinstube Baldreit<br \/>\nRizzi:\u00a9 Henri Morlock;<br \/>\nNigrum:\u00a9 info@restaurant-nigrum.com;<br \/>\nLa Casserole:\u00a9 J\u00falius Sarkozi;<br \/>\nWallstreet im Hamilton: \u00a9 Frank Schweikart;<\/p>\n<p><em>Baden-Baden erleben:<\/em><\/p>\n<p><a href=\"https:\/\/www.pexels.com\/photo\/happy-traveling-couple-with-luggage-in-city-3756625\/\" target=\"_blank\" rel=\"noopener\">\u00a9 Andrea Piacquadio @ pexels.com<\/a><\/p>\n<p><a href=\"https:\/\/www.pexels.com\/de-de\/foto\/ein-foto-einer-familie-die-in-fussgangerzone-geht-3662910\/\" target=\"_blank\" rel=\"noopener\">\u00a9 Katie E @ pexels.com<\/a><\/p>\n<p><a href=\"https:\/\/www.pexels.com\/de-de\/foto\/menschen-die-auf-strasse-nahe-baumen-am-tagesfoto-gehen-1076081\/\" target=\"_blank\" rel=\"noopener\">\u00a9 Guduru Ajay bhargav @ pexels.com<\/a><\/p>\n<p><a href=\"https:\/\/pixabay.com\/de\/photos\/casino-kurhaus-baden-baden-poker-1382584\/\" target=\"_blank\" rel=\"noopener\">\u00a9 Herm @ pixabay.com<\/a><\/p>\n<p>Casino, Museum, Kutsche: \u00a9 Baden-Baden Kur &amp; Tourismus GmbH;<\/p>\n<p>Caracalla Therme &amp; Massage: \u00a9 Carasana B\u00e4derbetriebe GmbH;<\/p>\n<p>Merkurbergbahn: \u00a9 Stadtwerke Baden-Baden;<br \/>\nCity Bahn: \u00a9 City Bahn Baden-Baden GmbH;<br \/>\nSpielplatz: \u00a9 Stadt Baden-Baden.<\/p>\n\t\t\t\t\t\t<\/div>\n\t\t\t\t<\/div>\n\t\t\t\t\t<\/div>\n\t\t<\/div>\n\t\t\t\t\t<\/div>\n\t\t<\/section>\n\t\t\t\t<\/div>\n\t\t","protected":false},"excerpt":{"rendered":"<p>Legal notice Historic 4 star Hotel &amp; Restaurant Rathausgl\u00f6ckel Address: Hotel Rathausgl\u00f6ckel Steinstr. 7 &#8211; 9 76530 Baden-Baden Owner: Rathausgl\u00f6ckel GmbH Registered Address: Steinstr. 7 &#8211; 9 76530 Baden-Baden Managing director:\u00a0 Victor Reichel Registered: Amtsgericht Mannheim: HRB 706148 Responsible for the content: Victor Reichel USt-ID Nr.: DE 263969041 You can reach us: Telefon: + 49 [&hellip;]<\/p>\n","protected":false},"author":4,"featured_media":0,"parent":0,"menu_order":0,"comment_status":"closed","ping_status":"closed","template":"","meta":{"footnotes":""},"class_list":["post-6079","page","type-page","status-publish","hentry"],"_links":{"self":[{"href":"https:\/\/www.rathausgloeckel.de\/en\/wp-json\/wp\/v2\/pages\/6079","targetHints":{"allow":["GET"]}}],"collection":[{"href":"https:\/\/www.rathausgloeckel.de\/en\/wp-json\/wp\/v2\/pages"}],"about":[{"href":"https:\/\/www.rathausgloeckel.de\/en\/wp-json\/wp\/v2\/types\/page"}],"author":[{"embeddable":true,"href":"https:\/\/www.rathausgloeckel.de\/en\/wp-json\/wp\/v2\/users\/4"}],"replies":[{"embeddable":true,"href":"https:\/\/www.rathausgloeckel.de\/en\/wp-json\/wp\/v2\/comments?post=6079"}],"version-history":[{"count":4,"href":"https:\/\/www.rathausgloeckel.de\/en\/wp-json\/wp\/v2\/pages\/6079\/revisions"}],"predecessor-version":[{"id":9842,"href":"https:\/\/www.rathausgloeckel.de\/en\/wp-json\/wp\/v2\/pages\/6079\/revisions\/9842"}],"wp:attachment":[{"href":"https:\/\/www.rathausgloeckel.de\/en\/wp-json\/wp\/v2\/media?parent=6079"}],"curies":[{"name":"wp","href":"https:\/\/api.w.org\/{rel}","templated":true}]}}